{"id":606,"date":"2024-06-10T12:22:24","date_gmt":"2024-06-10T12:22:24","guid":{"rendered":"https:\/\/www.spintronicfactory.eu\/?page_id=606"},"modified":"2024-11-04T15:39:41","modified_gmt":"2024-11-04T15:39:41","slug":"structure-2","status":"publish","type":"page","link":"http:\/\/www.spintronicfactory.eu\/?page_id=606","title":{"rendered":"Structure"},"content":{"rendered":"\n<p>The actions of the SpinTronicFactory are structured through five main topical themes named &#8216;PILLAR&#8217;, two Transverse Themes and five &#8216;FOCUS&#8217;. Each theme is led by two coordinators and also includes numerous contributors.<\/p>\n\n\n\n<hr class=\"wp-block-separator has-alpha-channel-opacity\"\/>\n\n\n\n<div style=\"height:70px\" aria-hidden=\"true\" class=\"wp-block-spacer\"><\/div>\n\n\n\n<h2 class=\"wp-block-heading\">PILLARS<\/h2>\n\n\n\n<div id=\"wp-block-themeisle-blocks-tabs-1b627a2b\" class=\"wp-block-themeisle-blocks-tabs\"><div class=\"wp-block-themeisle-blocks-tabs__content\">\n<div data-title=\"Pillar I\" class=\"wp-block-themeisle-blocks-tabs-item\"><div class=\"wp-block-themeisle-blocks-tabs-item__header\" tabindex=\"0\">Pillar I<\/div><div class=\"wp-block-themeisle-blocks-tabs-item__content\">\n<h2 class=\"wp-block-heading\">Magnetic Memories<\/h2>\n\n\n\n<div class=\"wp-block-group is-horizontal is-nowrap is-layout-flex wp-container-core-group-is-layout-a55e891b wp-block-group-is-layout-flex\">\n<div class=\"wp-block-group is-vertical is-layout-flex wp-container-core-group-is-layout-8cf370e7 wp-block-group-is-layout-flex\">\n<p><strong>Coordinators<\/strong><\/p>\n\n\n\n<ul class=\"wp-block-list\">\n<li>Sebastien Couet<\/li>\n\n\n\n<li>Kevin Garello<\/li>\n<\/ul>\n<\/div>\n\n\n\n<div style=\"height:100px;width:200px\" aria-hidden=\"true\" class=\"wp-block-spacer wp-container-content-fd9633a6\"><\/div>\n\n\n\n<div class=\"wp-block-group is-vertical is-layout-flex wp-container-core-group-is-layout-8cf370e7 wp-block-group-is-layout-flex\">\n<p><strong>Contributors<\/strong><\/p>\n\n\n\n<div class=\"wp-block-group is-nowrap is-layout-flex wp-container-core-group-is-layout-ad2f72ca wp-block-group-is-layout-flex\">\n<ul class=\"wp-block-list\">\n<li>Farshad Moradi<\/li>\n\n\n\n<li>Lucian Prejbeanu<\/li>\n\n\n\n<li>Pietro Gambardella<\/li>\n\n\n\n<li>Tamalika Banerjee<\/li>\n\n\n\n<li>Paolo Perna<\/li>\n\n\n\n<li>Ozhan Ozatay<\/li>\n<\/ul>\n\n\n\n<ul class=\"wp-block-list\">\n<li>Laurent Lebrun<\/li>\n\n\n\n<li>Bert Koopmans<\/li>\n\n\n\n<li>Jordi Sort<\/li>\n\n\n\n<li>Can Onur Avci<\/li>\n\n\n\n<li>Stephane Mangin<\/li>\n\n\n\n<li>Carlos Rojas<\/li>\n<\/ul>\n<\/div>\n<\/div>\n<\/div>\n<\/div><\/div>\n\n\n\n<div data-title=\"Pillar II\" class=\"wp-block-themeisle-blocks-tabs-item\"><div class=\"wp-block-themeisle-blocks-tabs-item__header\" tabindex=\"0\">Pillar II<\/div><div class=\"wp-block-themeisle-blocks-tabs-item__content\">\n<h2 class=\"wp-block-heading\">Magnetic Sensors<\/h2>\n\n\n\n<div class=\"wp-block-group is-horizontal is-nowrap is-layout-flex wp-container-core-group-is-layout-a55e891b wp-block-group-is-layout-flex\">\n<div class=\"wp-block-group is-vertical is-layout-flex wp-container-core-group-is-layout-8cf370e7 wp-block-group-is-layout-flex\">\n<p><strong>Coordinators<\/strong><\/p>\n\n\n\n<ul class=\"wp-block-list\">\n<li>Susana Cardoso<\/li>\n\n\n\n<li>Wolfgang Raberg<\/li>\n<\/ul>\n<\/div>\n\n\n\n<div style=\"height:100px;width:200px\" aria-hidden=\"true\" class=\"wp-block-spacer wp-container-content-fd9633a6\"><\/div>\n\n\n\n<div class=\"wp-block-group is-vertical is-layout-flex wp-container-core-group-is-layout-8cf370e7 wp-block-group-is-layout-flex\">\n<p><strong>Contributors<\/strong><\/p>\n\n\n\n<div class=\"wp-block-group is-nowrap is-layout-flex wp-container-core-group-is-layout-ad2f72ca wp-block-group-is-layout-flex\">\n<ul class=\"wp-block-list\">\n<li>Diana Leitao<\/li>\n\n\n\n<li>Dieter Suess<\/li>\n\n\n\n<li>Johannes Paul<\/li>\n\n\n\n<li>Myriam Pannetier Lecoeur<\/li>\n\n\n\n<li>Claude Fermon<\/li>\n\n\n\n<li>Mathias Kl\u00e4ui<\/li>\n\n\n\n<li>Michaela Kuepferling<\/li>\n<\/ul>\n\n\n\n<ul class=\"wp-block-list\">\n<li>Felix B\u00fcttner<\/li>\n\n\n\n<li>Sven Zimmermann<\/li>\n\n\n\n<li>Riccardo Bertacco<\/li>\n\n\n\n<li>Piotr Wisniowski<\/li>\n\n\n\n<li>Ricardo Sousa<\/li>\n\n\n\n<li>Ricardo Ferreira<\/li>\n<\/ul>\n<\/div>\n<\/div>\n<\/div>\n<\/div><\/div>\n\n\n\n<div data-title=\"Pillar III\" class=\"wp-block-themeisle-blocks-tabs-item\"><div class=\"wp-block-themeisle-blocks-tabs-item__header\" tabindex=\"0\">Pillar III<\/div><div class=\"wp-block-themeisle-blocks-tabs-item__content\">\n<h2 class=\"wp-block-heading\">High Frequency Signal Processing Devices for Communication<\/h2>\n\n\n\n<div class=\"wp-block-group is-horizontal is-nowrap is-layout-flex wp-container-core-group-is-layout-a55e891b wp-block-group-is-layout-flex\">\n<div class=\"wp-block-group is-vertical is-layout-flex wp-container-core-group-is-layout-8cf370e7 wp-block-group-is-layout-flex\">\n<p><strong>Coordinators<\/strong><\/p>\n\n\n\n<ul class=\"wp-block-list\">\n<li>Alex Jenkins<\/li>\n\n\n\n<li>Philipp Pirro<\/li>\n<\/ul>\n<\/div>\n\n\n\n<div style=\"height:100px;width:200px\" aria-hidden=\"true\" class=\"wp-block-spacer wp-container-content-fd9633a6\"><\/div>\n\n\n\n<div class=\"wp-block-group is-vertical is-layout-flex wp-container-core-group-is-layout-8cf370e7 wp-block-group-is-layout-flex\">\n<p><strong>Contributors<\/strong><\/p>\n\n\n\n<div class=\"wp-block-group is-nowrap is-layout-flex wp-container-core-group-is-layout-ad2f72ca wp-block-group-is-layout-flex\">\n<ul class=\"wp-block-list\">\n<li>Paolo Bortolotti<\/li>\n\n\n\n<li>Farshad Moradi<\/li>\n\n\n\n<li>Ursula Ebels<\/li>\n\n\n\n<li>Witold Skowronski<\/li>\n\n\n\n<li>Joo-Von Kim<\/li>\n\n\n\n<li>Dirk Grundler<\/li>\n\n\n\n<li>Katrin Schultheiss<\/li>\n\n\n\n<li>Helmut Schultheiss<\/li>\n\n\n\n<li>Philippe Talatchian<\/li>\n\n\n\n<li>Giovanni Finocchio<\/li>\n\n\n\n<li>Ozhan Ozatay<\/li>\n\n\n\n<li>Ricardo Ferreira<\/li>\n\n\n\n<li>Andrii Chumak<\/li>\n<\/ul>\n\n\n\n<ul class=\"wp-block-list\">\n<li>Christoph Adelmann<\/li>\n\n\n\n<li>Erik Wahlstr\u00f8m<\/li>\n\n\n\n<li>Volodymyr Kruglyak<\/li>\n\n\n\n<li>Vincent Castel<\/li>\n\n\n\n<li>Reinoud Lavrijsen<\/li>\n\n\n\n<li>Gr\u00e9goire de Loubens<\/li>\n\n\n\n<li>Thomas Thomson<\/li>\n\n\n\n<li>Burkard Hillebrands<\/li>\n\n\n\n<li>Gianluca Gubbiotti<\/li>\n\n\n\n<li>Florin Ciubotaru<\/li>\n\n\n\n<li>Riccardo Bertacco<\/li>\n\n\n\n<li>Vincent Cros<\/li>\n\n\n\n<li>Johan \u00c5kerman<\/li>\n<\/ul>\n<\/div>\n<\/div>\n<\/div>\n<\/div><\/div>\n\n\n\n<div data-title=\"Pillar IV\" class=\"wp-block-themeisle-blocks-tabs-item\"><div class=\"wp-block-themeisle-blocks-tabs-item__header\" tabindex=\"0\">Pillar IV<\/div><div class=\"wp-block-themeisle-blocks-tabs-item__content\">\n<h2 class=\"wp-block-heading\">Spintronics for Computation<\/h2>\n\n\n\n<div class=\"wp-block-group is-horizontal is-nowrap is-layout-flex wp-container-core-group-is-layout-a55e891b wp-block-group-is-layout-flex\">\n<div class=\"wp-block-group is-vertical is-layout-flex wp-container-core-group-is-layout-8cf370e7 wp-block-group-is-layout-flex\">\n<p><strong>Coordinators<\/strong><\/p>\n\n\n\n<ul class=\"wp-block-list\">\n<li>Mathias Kl\u00e4ui<\/li>\n\n\n\n<li>Sonal Shreya<\/li>\n<\/ul>\n<\/div>\n\n\n\n<div style=\"height:100px;width:200px\" aria-hidden=\"true\" class=\"wp-block-spacer wp-container-content-fd9633a6\"><\/div>\n\n\n\n<div class=\"wp-block-group is-vertical is-layout-flex wp-container-core-group-is-layout-8cf370e7 wp-block-group-is-layout-flex\">\n<p><strong>Contributors<\/strong><\/p>\n\n\n\n<div class=\"wp-block-group is-nowrap is-layout-flex wp-container-core-group-is-layout-ad2f72ca wp-block-group-is-layout-flex\">\n<ul class=\"wp-block-list\">\n<li>Louis Hutin<\/li>\n\n\n\n<li>Philippe Talatchian<\/li>\n\n\n\n<li>Farshad Moradi<\/li>\n\n\n\n<li>Maciej Krawczyk<\/li>\n\n\n\n<li>Pietro Gambardella<\/li>\n\n\n\n<li>Joo-Von Kim<\/li>\n\n\n\n<li>Katrin Schultheiss<\/li>\n\n\n\n<li>Helmut Schultheiss<\/li>\n\n\n\n<li>Ricardo Ferreira<\/li>\n\n\n\n<li>Philipp Pirro<\/li>\n\n\n\n<li>Sebastien Couet<\/li>\n\n\n\n<li>Volodymyr Kruglyak<\/li>\n<\/ul>\n\n\n\n<ul class=\"wp-block-list\">\n<li>Madjid Anane<\/li>\n\n\n\n<li>Gr\u00e9goire de Loubens<\/li>\n\n\n\n<li>Burkard Hillebrands<\/li>\n\n\n\n<li>Florin Ciubotaru<\/li>\n\n\n\n<li>Felix B\u00fcttner<\/li>\n\n\n\n<li>Mehmet Cengiz Onba\u015fl\u0131<\/li>\n\n\n\n<li>Ursula Ebels<\/li>\n\n\n\n<li>Jordi Sort<\/li>\n\n\n\n<li>Johan \u00c5kerman<\/li>\n\n\n\n<li>Andrii Chumak<\/li>\n\n\n\n<li>Anna Dyrda\u0142<\/li>\n\n\n\n<li>Christoph Adelmann<\/li>\n<\/ul>\n<\/div>\n<\/div>\n<\/div>\n<\/div><\/div>\n\n\n\n<div data-title=\"Pillar V\" class=\"wp-block-themeisle-blocks-tabs-item\"><div class=\"wp-block-themeisle-blocks-tabs-item__header\" tabindex=\"0\">Pillar V<\/div><div class=\"wp-block-themeisle-blocks-tabs-item__content\">\n<h2 class=\"wp-block-heading\">Spin and Quantum Technologies<\/h2>\n\n\n\n<div class=\"wp-block-group is-horizontal is-nowrap is-layout-flex wp-container-core-group-is-layout-a55e891b wp-block-group-is-layout-flex\">\n<div class=\"wp-block-group is-vertical is-layout-flex wp-container-core-group-is-layout-8cf370e7 wp-block-group-is-layout-flex\">\n<p><strong>Coordinators<\/strong><\/p>\n\n\n\n<ul class=\"wp-block-list\">\n<li>Isabella Boventer<\/li>\n\n\n\n<li>Burkard Hillebrands<\/li>\n<\/ul>\n<\/div>\n\n\n\n<div style=\"height:100px;width:200px\" aria-hidden=\"true\" class=\"wp-block-spacer wp-container-content-fd9633a6\"><\/div>\n\n\n\n<div class=\"wp-block-group is-vertical is-layout-flex wp-container-core-group-is-layout-8cf370e7 wp-block-group-is-layout-flex\">\n<p><strong>Contributors<\/strong><\/p>\n\n\n\n<div class=\"wp-block-group is-nowrap is-layout-flex wp-container-core-group-is-layout-ad2f72ca wp-block-group-is-layout-flex\">\n<ul class=\"wp-block-list\">\n<li>Vassilis Tangoulis<\/li>\n\n\n\n<li>Thanasis Dimoulas<\/li>\n\n\n\n<li>Andrii Chumak<\/li>\n\n\n\n<li>Olivier Klein<\/li>\n\n\n\n<li>Helmut Schultheiss<\/li>\n\n\n\n<li>Thomas Thomson<\/li>\n\n\n\n<li>Tamalika Banerjee<\/li>\n\n\n\n<li>Ozhan Ozatay<\/li>\n\n\n\n<li>Volodymyr Kruglyak<\/li>\n\n\n\n<li>Vincent Castel<\/li>\n\n\n\n<li>Alireza Qaiumzadeh<\/li>\n\n\n\n<li>Michal Inglot<\/li>\n\n\n\n<li>Anna Dyrdal<\/li>\n\n\n\n<li>Claudio Serpico<\/li>\n<\/ul>\n\n\n\n<ul class=\"wp-block-list\">\n<li>Ivan Vera-Marun<\/li>\n\n\n\n<li>Sergio O. Valenzuela<\/li>\n\n\n\n<li>Stephan Roche<\/li>\n\n\n\n<li>Hooman Farkhani<\/li>\n\n\n\n<li>Pierre Seneor<\/li>\n\n\n\n<li>Romain Lebrun<\/li>\n\n\n\n<li>Pietro Gambardella<\/li>\n\n\n\n<li>Mehmet Cengiz Onba\u015fl\u0131<\/li>\n\n\n\n<li>Stefan Bl\u00fcgel<\/li>\n\n\n\n<li>Johan \u00c5kerman<\/li>\n\n\n\n<li>J\u00f3zef Barna\u015b<\/li>\n\n\n\n<li>Jacobo Santamaria<\/li>\n\n\n\n<li>Javier Villegas<\/li>\n<\/ul>\n<\/div>\n<\/div>\n<\/div>\n<\/div><\/div>\n<\/div><\/div>\n\n\n\n<div style=\"height:70px\" aria-hidden=\"true\" class=\"wp-block-spacer\"><\/div>\n\n\n\n<h2 class=\"wp-block-heading\">TRANSVERSE THEMES<\/h2>\n\n\n\n<div id=\"wp-block-themeisle-blocks-tabs-32c5a34d\" class=\"wp-block-themeisle-blocks-tabs\"><div class=\"wp-block-themeisle-blocks-tabs__content\">\n<div data-title=\"Transverse Theme 1\" class=\"wp-block-themeisle-blocks-tabs-item\"><div class=\"wp-block-themeisle-blocks-tabs-item__header\" tabindex=\"0\">Transverse Theme 1<\/div><div class=\"wp-block-themeisle-blocks-tabs-item__content\">\n<h2 class=\"wp-block-heading\">Advanced Materials and Fabrication Processes<\/h2>\n\n\n\n<div class=\"wp-block-group is-horizontal is-nowrap is-layout-flex wp-container-core-group-is-layout-a55e891b wp-block-group-is-layout-flex\">\n<div class=\"wp-block-group is-vertical is-layout-flex wp-container-core-group-is-layout-8cf370e7 wp-block-group-is-layout-flex\">\n<p><strong>Coordinators<\/strong><\/p>\n\n\n\n<ul class=\"wp-block-list\">\n<li>Thomas Thomson<\/li>\n\n\n\n<li>Thanasis Dimoulas<\/li>\n<\/ul>\n<\/div>\n\n\n\n<div style=\"height:100px;width:200px\" aria-hidden=\"true\" class=\"wp-block-spacer wp-container-content-fd9633a6\"><\/div>\n\n\n\n<div class=\"wp-block-group is-vertical is-layout-flex wp-container-core-group-is-layout-8cf370e7 wp-block-group-is-layout-flex\">\n<p><strong>Contributors<\/strong><\/p>\n\n\n\n<div class=\"wp-block-group is-nowrap is-layout-flex wp-container-core-group-is-layout-ad2f72ca wp-block-group-is-layout-flex\">\n<ul class=\"wp-block-list\">\n<li>Florin Ciubotaru<\/li>\n\n\n\n<li>Jordi Sort<\/li>\n\n\n\n<li>Sven Zimmermann<\/li>\n\n\n\n<li>Riccardo Bertacco<\/li>\n\n\n\n<li>Jos\u00e9 Miguel Garc\u00eda-Mart\u00edn<\/li>\n\n\n\n<li>Martin Jourdan<\/li>\n\n\n\n<li>Ivan Vera-Marun<\/li>\n\n\n\n<li>Can Onur Avci<\/li>\n\n\n\n<li>Mehmet Cengiz Onba\u015fl\u0131<\/li>\n\n\n\n<li>Pierre Seneor<\/li>\n\n\n\n<li>Stephane Mangin<\/li>\n\n\n\n<li>Pietro Gambardella<\/li>\n\n\n\n<li>Ricardo Ferreira<\/li>\n<\/ul>\n\n\n\n<ul class=\"wp-block-list\">\n<li>Diana Leitao<\/li>\n\n\n\n<li>Susana Cardoso<\/li>\n\n\n\n<li>Sergio O. Valenzuela<\/li>\n\n\n\n<li>Dirk Grundler<\/li>\n\n\n\n<li>Ricardo Sousa<\/li>\n\n\n\n<li>Paolo Perna<\/li>\n\n\n\n<li>Jos\u00e9 Mar\u00eda De Teresa<\/li>\n\n\n\n<li>Ozhan Ozatay<\/li>\n\n\n\n<li>Gerhard Jakob<\/li>\n\n\n\n<li>Christoph Adelmann<\/li>\n\n\n\n<li>Laurent Lebrun<\/li>\n\n\n\n<li>Madjid Anane<\/li>\n<\/ul>\n<\/div>\n<\/div>\n<\/div>\n<\/div><\/div>\n\n\n\n<div data-title=\"Transverse Theme 2\" class=\"wp-block-themeisle-blocks-tabs-item\"><div class=\"wp-block-themeisle-blocks-tabs-item__header\" tabindex=\"0\">Transverse Theme 2<\/div><div class=\"wp-block-themeisle-blocks-tabs-item__content\">\n<h2 class=\"wp-block-heading\">Design and Modeling<\/h2>\n\n\n\n<div class=\"wp-block-group is-horizontal is-nowrap is-layout-flex wp-container-core-group-is-layout-a55e891b wp-block-group-is-layout-flex\">\n<div class=\"wp-block-group is-vertical is-layout-flex wp-container-core-group-is-layout-8cf370e7 wp-block-group-is-layout-flex\">\n<p><strong>Coordinators<\/strong><\/p>\n\n\n\n<ul class=\"wp-block-list\">\n<li>Peter Oppeneer<\/li>\n\n\n\n<li>Oksana Chubykalo-Fesenko<\/li>\n\n\n\n<li>Massimiliano d&#8217;Aquino<\/li>\n<\/ul>\n<\/div>\n\n\n\n<div style=\"height:100px;width:200px\" aria-hidden=\"true\" class=\"wp-block-spacer wp-container-content-fd9633a6\"><\/div>\n\n\n\n<div class=\"wp-block-group is-vertical is-layout-flex wp-container-core-group-is-layout-8cf370e7 wp-block-group-is-layout-flex\">\n<p><strong>Contributors<\/strong><\/p>\n\n\n\n<div class=\"wp-block-group is-nowrap is-layout-flex wp-container-core-group-is-layout-ad2f72ca wp-block-group-is-layout-flex\">\n<ul class=\"wp-block-list\">\n<li>Guillaume Prenat<\/li>\n\n\n\n<li>Maciej Krawczyk<\/li>\n\n\n\n<li>Luis Lopez-Diaz<\/li>\n\n\n\n<li>Sonal Shreya<\/li>\n\n\n\n<li>Giovanni Finocchio<\/li>\n\n\n\n<li>Volodymyr Kruglyak<\/li>\n\n\n\n<li>Philipp Pirro<\/li>\n\n\n\n<li>Stavros Komineas<\/li>\n<\/ul>\n\n\n\n<ul class=\"wp-block-list\">\n<li>Anna Dyrdal<\/li>\n\n\n\n<li>Michal Inglot<\/li>\n\n\n\n<li>Stephan Roche<\/li>\n\n\n\n<li>Stefan Bl\u00fcgel<\/li>\n\n\n\n<li>Mehmet Cengiz Onba\u015fl\u0131<\/li>\n\n\n\n<li>Jozef Barna\u015b<\/li>\n\n\n\n<li>Roy Chantrell<\/li>\n\n\n\n<li>Liliana Buda-Prejbeanu<\/li>\n\n\n\n<li>Mair Chshiev<\/li>\n<\/ul>\n<\/div>\n<\/div>\n<\/div>\n<\/div><\/div>\n<\/div><\/div>\n\n\n\n<div style=\"height:70px\" aria-hidden=\"true\" class=\"wp-block-spacer\"><\/div>\n\n\n\n<h2 class=\"wp-block-heading\">FOCUS<\/h2>\n\n\n\n<div id=\"wp-block-themeisle-blocks-tabs-0a836b9d\" class=\"wp-block-themeisle-blocks-tabs\"><div class=\"wp-block-themeisle-blocks-tabs__content\">\n<div data-title=\"FOCUS 1\" class=\"wp-block-themeisle-blocks-tabs-item\"><div class=\"wp-block-themeisle-blocks-tabs-item__header\" tabindex=\"0\">FOCUS 1<\/div><div class=\"wp-block-themeisle-blocks-tabs-item__content\">\n<h2 class=\"wp-block-heading\">INTEGRATION<\/h2>\n\n\n\n<div class=\"wp-block-group is-horizontal is-nowrap is-layout-flex wp-container-core-group-is-layout-a55e891b wp-block-group-is-layout-flex\">\n<div class=\"wp-block-group is-vertical is-layout-flex wp-container-core-group-is-layout-8cf370e7 wp-block-group-is-layout-flex\">\n<p><strong>Coordinators<\/strong><\/p>\n\n\n\n<ul class=\"wp-block-list\">\n<li>Florin Ciubotaru<\/li>\n\n\n\n<li>Riccardo Bertacco<\/li>\n<\/ul>\n<\/div>\n\n\n\n<div style=\"height:100px;width:200px\" aria-hidden=\"true\" class=\"wp-block-spacer wp-container-content-fd9633a6\"><\/div>\n\n\n\n<div class=\"wp-block-group is-vertical is-layout-flex wp-container-core-group-is-layout-8cf370e7 wp-block-group-is-layout-flex\">\n<p><strong>Contributors<\/strong><\/p>\n\n\n\n<div class=\"wp-block-group is-nowrap is-layout-flex wp-container-core-group-is-layout-ad2f72ca wp-block-group-is-layout-flex\">\n<ul class=\"wp-block-list\">\n<li>Bert Koopmans<\/li>\n\n\n\n<li>Florin Ciubotaru<\/li>\n\n\n\n<li>Farshad Moradi<\/li>\n\n\n\n<li>Susana Cardoso<\/li>\n\n\n\n<li>Christoph Adelmann<\/li>\n\n\n\n<li>Riccardo Bertacco<\/li>\n\n\n\n<li>Mehmet Cengiz Onba\u015fl\u0131<\/li>\n<\/ul>\n\n\n\n<ul class=\"wp-block-list\">\n<li>Kevin Garello<\/li>\n\n\n\n<li>Ricardo Sousa<\/li>\n\n\n\n<li>Ursula Ebels<\/li>\n\n\n\n<li>Alex Jenkins<\/li>\n\n\n\n<li>Denys Makarov<\/li>\n\n\n\n<li>Ricardo Ferreira<\/li>\n<\/ul>\n<\/div>\n<\/div>\n<\/div>\n<\/div><\/div>\n\n\n\n<div data-title=\"FOCUS 2\" class=\"wp-block-themeisle-blocks-tabs-item\"><div class=\"wp-block-themeisle-blocks-tabs-item__header\" tabindex=\"0\">FOCUS 2<\/div><div class=\"wp-block-themeisle-blocks-tabs-item__content\">\n<h2 class=\"wp-block-heading\">2D MATERIALS<\/h2>\n\n\n\n<div class=\"wp-block-group is-nowrap is-layout-flex wp-container-core-group-is-layout-64989fb1 wp-block-group-is-layout-flex\">\n<div class=\"wp-block-group is-vertical is-layout-flex wp-container-core-group-is-layout-8cf370e7 wp-block-group-is-layout-flex\">\n<p><strong>Coordinators<\/strong><\/p>\n\n\n\n<ul class=\"wp-block-list\">\n<li>Anna Dyrdal<\/li>\n\n\n\n<li>Sergio O. Valenzuela<\/li>\n<\/ul>\n<\/div>\n\n\n\n<div style=\"height:100px;width:200px\" aria-hidden=\"true\" class=\"wp-block-spacer wp-container-content-fd9633a6\"><\/div>\n\n\n\n<div class=\"wp-block-group is-vertical is-layout-flex wp-container-core-group-is-layout-8cf370e7 wp-block-group-is-layout-flex\">\n<p><strong>Contributors<\/strong><\/p>\n\n\n\n<ul class=\"wp-block-list\">\n<li>Mehmet Cengiz Onba\u015fl\u0131<\/li>\n\n\n\n<li>Pierre Seneor<\/li>\n\n\n\n<li>Alek Dediu<\/li>\n\n\n\n<li>Paolo Perna<\/li>\n\n\n\n<li>Matthieu Jamet<\/li>\n\n\n\n<li>Witold Skowronski<\/li>\n\n\n\n<li>Luis Hueso<\/li>\n\n\n\n<li>Felix Casanova<\/li>\n\n\n\n<li>Ivan Vera Marun<\/li>\n\n\n\n<li>Carlos Rojas<\/li>\n\n\n\n<li>Thanasis Dimoulas<\/li>\n<\/ul>\n<\/div>\n<\/div>\n<\/div><\/div>\n\n\n\n<div data-title=\"FOCUS 3\" class=\"wp-block-themeisle-blocks-tabs-item\"><div class=\"wp-block-themeisle-blocks-tabs-item__header\" tabindex=\"0\">FOCUS 3<\/div><div class=\"wp-block-themeisle-blocks-tabs-item__content\">\n<h2 class=\"wp-block-heading\">SPIN-CHARGE AND SPIN-ORBITRONICS<\/h2>\n\n\n\n<div class=\"wp-block-group is-nowrap is-layout-flex wp-container-core-group-is-layout-64989fb1 wp-block-group-is-layout-flex\">\n<div class=\"wp-block-group is-vertical is-layout-flex wp-container-core-group-is-layout-8cf370e7 wp-block-group-is-layout-flex\">\n<p><strong>Coordinators<\/strong><\/p>\n\n\n\n<ul class=\"wp-block-list\">\n<li>Michaela Kuepferling<\/li>\n\n\n\n<li>Pietro Gambardella<\/li>\n<\/ul>\n<\/div>\n\n\n\n<div style=\"height:100px;width:200px\" aria-hidden=\"true\" class=\"wp-block-spacer wp-container-content-fd9633a6\"><\/div>\n\n\n\n<div class=\"wp-block-group is-vertical is-layout-flex wp-container-core-group-is-layout-8cf370e7 wp-block-group-is-layout-flex\">\n<p><strong>Contributors<\/strong><\/p>\n\n\n\n<ul class=\"wp-block-list\">\n<li>Peter Oppeneer<\/li>\n\n\n\n<li>Anna Dyrdal<\/li>\n\n\n\n<li>Henri Jaffr\u00e8s<\/li>\n\n\n\n<li>Vincent Cros<\/li>\n\n\n\n<li>Paolo Perna<\/li>\n\n\n\n<li>Aur\u00e9lien Manchon<\/li>\n\n\n\n<li>Stephane Mangin<\/li>\n\n\n\n<li>Manuel Bibes<\/li>\n\n\n\n<li>Can Onur Avci<\/li>\n\n\n\n<li>Carlos Rojas<\/li>\n<\/ul>\n<\/div>\n<\/div>\n<\/div><\/div>\n\n\n\n<div data-title=\"FOCUS 4\" class=\"wp-block-themeisle-blocks-tabs-item\"><div class=\"wp-block-themeisle-blocks-tabs-item__header\" tabindex=\"0\">FOCUS 4<\/div><div class=\"wp-block-themeisle-blocks-tabs-item__content\">\n<h2 class=\"wp-block-heading\">EDGE AI<\/h2>\n\n\n\n<div class=\"wp-block-group is-nowrap is-layout-flex wp-container-core-group-is-layout-64989fb1 wp-block-group-is-layout-flex\">\n<div class=\"wp-block-group is-vertical is-layout-flex wp-container-core-group-is-layout-8cf370e7 wp-block-group-is-layout-flex\">\n<p><strong>Coordinators<\/strong><\/p>\n\n\n\n<ul class=\"wp-block-list\">\n<li>Louis Hutin<\/li>\n\n\n\n<li>Ricardo Ferreira<\/li>\n<\/ul>\n<\/div>\n\n\n\n<div style=\"height:100px;width:200px\" aria-hidden=\"true\" class=\"wp-block-spacer wp-container-content-fd9633a6\"><\/div>\n\n\n\n<div class=\"wp-block-group is-vertical is-layout-flex wp-container-core-group-is-layout-8cf370e7 wp-block-group-is-layout-flex\">\n<p><strong>Contributors<\/strong><\/p>\n\n\n\n<ul class=\"wp-block-list\">\n<li>Kevin Garello<\/li>\n\n\n\n<li>Lucian Prejbeanu<\/li>\n\n\n\n<li>Farshad Moradi<\/li>\n<\/ul>\n<\/div>\n<\/div>\n<\/div><\/div>\n\n\n\n<div data-title=\"FOCUS 5\" class=\"wp-block-themeisle-blocks-tabs-item\"><div class=\"wp-block-themeisle-blocks-tabs-item__header\" tabindex=\"0\">FOCUS 5<\/div><div class=\"wp-block-themeisle-blocks-tabs-item__content\">\n<h2 class=\"wp-block-heading\">ULTRAFAST<\/h2>\n\n\n\n<div class=\"wp-block-group is-nowrap is-layout-flex wp-container-core-group-is-layout-64989fb1 wp-block-group-is-layout-flex\">\n<div class=\"wp-block-group is-vertical is-layout-flex wp-container-core-group-is-layout-8cf370e7 wp-block-group-is-layout-flex\">\n<p><strong>Coordinators<\/strong><\/p>\n\n\n\n<ul class=\"wp-block-list\">\n<li>Stephane Mangin<\/li>\n\n\n\n<li>Bert Koopmans<\/li>\n<\/ul>\n<\/div>\n\n\n\n<div style=\"height:100px;width:200px\" aria-hidden=\"true\" class=\"wp-block-spacer wp-container-content-fd9633a6\"><\/div>\n<\/div>\n<\/div><\/div>\n<\/div><\/div>\n\n\n\n<div style=\"height:120px\" aria-hidden=\"true\" class=\"wp-block-spacer\"><\/div>\n","protected":false},"excerpt":{"rendered":"<p>The actions of the SpinTronicFactory are structured through five main topical themes named &#8216;PILLAR&#8217;, two Transverse Themes and five &#8216;FOCUS&#8217;. Each theme is led by two coordinators and also includes numerous contributors. PILLARS TRANSVERSE THEMES FOCUS<\/p>\n","protected":false},"author":1,"featured_media":0,"parent":0,"menu_order":0,"comment_status":"closed","ping_status":"closed","template":"","meta":{"passster_activate_protection":false,"passster_protect_child_pages":"","passster_protection_type":"password","passster_password":"","passster_activate_overwrite_defaults":"","passster_headline":"","passster_instruction":"","passster_placeholder":"","passster_button":"","passster_id":"","passster_activate_misc_settings":"","passster_redirect_url":"","passster_hide":"no","passster_area_shortcode":"","neve_meta_sidebar":"","neve_meta_container":"","neve_meta_enable_content_width":"","neve_meta_content_width":0,"neve_meta_title_alignment":"","neve_meta_author_avatar":"","neve_post_elements_order":"","neve_meta_disable_header":"","neve_meta_disable_footer":"","neve_meta_disable_title":"","_themeisle_gutenberg_block_has_review":false,"_ti_tpc_template_sync":false,"_ti_tpc_template_id":"","footnotes":""},"class_list":["post-606","page","type-page","status-publish","hentry"],"_links":{"self":[{"href":"http:\/\/www.spintronicfactory.eu\/index.php?rest_route=\/wp\/v2\/pages\/606","targetHints":{"allow":["GET"]}}],"collection":[{"href":"http:\/\/www.spintronicfactory.eu\/index.php?rest_route=\/wp\/v2\/pages"}],"about":[{"href":"http:\/\/www.spintronicfactory.eu\/index.php?rest_route=\/wp\/v2\/types\/page"}],"author":[{"embeddable":true,"href":"http:\/\/www.spintronicfactory.eu\/index.php?rest_route=\/wp\/v2\/users\/1"}],"replies":[{"embeddable":true,"href":"http:\/\/www.spintronicfactory.eu\/index.php?rest_route=%2Fwp%2Fv2%2Fcomments&post=606"}],"version-history":[{"count":21,"href":"http:\/\/www.spintronicfactory.eu\/index.php?rest_route=\/wp\/v2\/pages\/606\/revisions"}],"predecessor-version":[{"id":652,"href":"http:\/\/www.spintronicfactory.eu\/index.php?rest_route=\/wp\/v2\/pages\/606\/revisions\/652"}],"wp:attachment":[{"href":"http:\/\/www.spintronicfactory.eu\/index.php?rest_route=%2Fwp%2Fv2%2Fmedia&parent=606"}],"curies":[{"name":"wp","href":"https:\/\/api.w.org\/{rel}","templated":true}]}}